{"id":9179,"date":"2024-05-20T16:49:47","date_gmt":"2024-05-20T13:49:47","guid":{"rendered":"https:\/\/diysound.eu\/?post_type=product&#038;p=9179"},"modified":"2024-05-20T16:53:21","modified_gmt":"2024-05-20T13:53:21","slug":"vintage","status":"publish","type":"product","link":"https:\/\/diysound.eu\/lv\/products\/vintage\/","title":{"rendered":"Vintage"},"content":{"rendered":"<section class=\"l-section wpb_row height_auto width_full color_primary\"><div class=\"l-section-h i-cf\"><div class=\"g-cols vc_row via_flex valign_top type_default stacking_default\"><div class=\"vc_col-sm-3 wpb_column vc_column_container\"><div class=\"vc_column-inner\"><div class=\"wpb_wrapper\"><\/div><\/div><\/div><div class=\"vc_col-sm-6 wpb_column vc_column_container\"><div class=\"vc_column-inner\"><div class=\"wpb_wrapper\"><div class=\"wpb_text_column\"><div class=\"wpb_wrapper\"><h1 style=\"text-align: center;\"><strong><img decoding=\"async\" loading=\"lazy\" class=\"alignnone wp-image-8466\" src=\"https:\/\/diysound.eu\/wp-content\/uploads\/2023\/08\/wav-white-1-213x300.png\" alt=\"\" width=\"30\" height=\"42\" srcset=\"https:\/\/diysound.eu\/wp-content\/uploads\/2023\/08\/wav-white-1-213x300.png 213w, https:\/\/diysound.eu\/wp-content\/uploads\/2023\/08\/wav-white-1.png 297w\" sizes=\"(max-width: 30px) 100vw, 30px\" \/><\/strong><\/h1>\n<p style=\"text-align: center;\"><strong>Tehniskie parametri:<\/strong><\/p>\n<p style=\"text-align: center;\">Uzb\u016bve: 2 joslas<br \/>\nTips: port\u0113ta<br \/>\nSka\u013cru\u0146i: 8\u2019\u2019 midbasa ska\u013crunis, viens 1,0\u201d augstais frekven\u010du ska\u013crunis<br \/>\nFiltra komponentes: Mundorf<br \/>\nKrossovera dal\u012bjums: 2000 Hz<br \/>\nFrekven\u010du diapazons: 40 Hz-20000Hz<br \/>\nJ\u016bt\u012bba: 89 dB<br \/>\nPretest\u012bba: 4 Ohm<br \/>\nSka\u0146as spiediens 1m att\u0101lum\u0101: 110 dB<br \/>\nIeteicam\u0101 jauda: 100W<br \/>\nIzm\u0113ri (augstums x platums x dzi\u013cums): 700 mm x 360 mm x 270 mm<br \/>\nKomplekta svars: divi iepakojumi, katra iepakojuma svars 35 kg.<\/p>\n<\/div><\/div><div class=\"w-separator size_medium\"><\/div><\/div><\/div><\/div><div class=\"vc_col-sm-3 wpb_column vc_column_container\"><div class=\"vc_column-inner\"><div class=\"wpb_wrapper\"><\/div><\/div><\/div><\/div><\/div><\/section>\n","protected":false},"excerpt":{"rendered":"Tehniskie parametri: Uzb\u016bve: 2 joslas Tips: port\u0113ta Ska\u013cru\u0146i: 8\u2019\u2019 midbasa ska\u013crunis, viens 1,0\u201d augstais frekven\u010du ska\u013crunis Filtra komponentes: Mundorf Krossovera dal\u012bjums: 2000 Hz Frekven\u010du diapazons: 40 Hz-20000Hz J\u016bt\u012bba: 89 dB Pretest\u012bba: 4 Ohm Ska\u0146as spiediens 1m att\u0101lum\u0101: 110 dB Ieteicam\u0101 jauda: 100W Izm\u0113ri (augstums x platums x dzi\u013cums): 700 mm x 360 mm x 270...","protected":false},"featured_media":8952,"template":"","meta":[],"product_cat":[74],"product_tag":[],"_links":{"self":[{"href":"https:\/\/diysound.eu\/lv\/wp-json\/wp\/v2\/product\/9179"}],"collection":[{"href":"https:\/\/diysound.eu\/lv\/wp-json\/wp\/v2\/product"}],"about":[{"href":"https:\/\/diysound.eu\/lv\/wp-json\/wp\/v2\/types\/product"}],"wp:featuredmedia":[{"embeddable":true,"href":"https:\/\/diysound.eu\/lv\/wp-json\/wp\/v2\/media\/8952"}],"wp:attachment":[{"href":"https:\/\/diysound.eu\/lv\/wp-json\/wp\/v2\/media?parent=9179"}],"wp:term":[{"taxonomy":"product_cat","embeddable":true,"href":"https:\/\/diysound.eu\/lv\/wp-json\/wp\/v2\/product_cat?post=9179"},{"taxonomy":"product_tag","embeddable":true,"href":"https:\/\/diysound.eu\/lv\/wp-json\/wp\/v2\/product_tag?post=9179"}],"curies":[{"name":"wp","href":"https:\/\/api.w.org\/{rel}","templated":true}]}}