{"id":9165,"date":"2023-05-19T08:42:10","date_gmt":"2023-05-19T05:42:10","guid":{"rendered":"https:\/\/diysound.eu\/?page_id=9165"},"modified":"2024-05-20T15:35:03","modified_gmt":"2024-05-20T12:35:03","slug":"privatuma-un-sikdatnu-politika","status":"publish","type":"page","link":"https:\/\/diysound.eu\/lv\/privatuma-un-sikdatnu-politika\/","title":{"rendered":"Priv\u0101tuma un s\u012bkdat\u0146u politika"},"content":{"rendered":"<p>Priv\u0101tuma politikas m\u0113r\u0137is ir sniegt fiziskajai personai (datu subjektam) inform\u0101ciju par fizisk\u0101s personas personas datu apstr\u0101des m\u0113r\u0137i, nol\u016bku, apjomu, dro\u0161\u012bbu, aizsardz\u012bbu, k\u0101 ar\u012b sniegt citu inform\u0101ciju par personas datu apstr\u0101di.<\/p>\n<p><strong>Personas dati<\/strong><\/p>\n<p>Personas dati ir jebk\u0101da inform\u0101cija, kas attiecas uz identific\u0113tu vai identific\u0113jamu fizisko personu.<\/p>\n<p><strong>Personas datu apstr\u0101de<\/strong><\/p>\n<p>Personas datu apstr\u0101de tiek veikta izmantojot specializ\u0113tas un dro\u0161as programmat\u016bras, lai nodro\u0161in\u0101tu dro\u0161u personas datu apstr\u0101di un glab\u0101\u0161anu, izmantojot antiv\u012brusa programmas (\u201cugunsm\u016brus\u201d) un izmantojot citu tehnolo\u0123iskos risin\u0101jumus. Personas dati tiek aizsarg\u0101ti ar piek\u013cuves sist\u0113m\u0101m un speci\u0101l\u0101m programmat\u016br\u0101m.<\/p>\n<p><strong>Personas datu nodo\u0161ana<\/strong><\/p>\n<p>Personas dati netiek nodoti uz tre\u0161aj\u0101m valst\u012bm (valstis, kuras nav ES un\/vai EEZ valstis).<\/p>\n<p><strong>Personas datu aizsardz\u012bba<\/strong><\/p>\n<p>Personas datu aizsardz\u012bba tiek realiz\u0113ta saska\u0146\u0101 ar sp\u0113k\u0101 eso\u0161ajiem normat\u012bvajiem aktiem (regulas, likumi, noteikumi) personas datu apstr\u0101des jom\u0101.<\/p>\n<p><strong>COKIES<\/strong><\/p>\n<p>T\u012bmek\u013ca vietn\u0113 tiek izmantotas s\u012bkdatnes (ang\u013cu valod\u0101 \u201ccookies\u201c).<\/p>\n<p><strong>Kas ir s\u012bkdatne?<\/strong><\/p>\n<p>S\u012bkdatne ir neliela teksta datne, kas tiek nos\u016bt\u012bta uz J\u016bsu datoru vai mobilo iek\u0101rtu t\u012bmek\u013ca vietnes apmekl\u0113\u0161an\u0101s laik\u0101 un ko t\u012bmek\u013ca vietne saglab\u0101 j\u016bsu dator\u0101 vai mobilaj\u0101 ier\u012bc\u0113, kad j\u016bs atverat vietni. Katr\u0101 turpm\u0101kaj\u0101 apmekl\u0113juma reiz\u0113 s\u012bkdatnes tiek nos\u016bt\u012btas atpaka\u013c uz izcelsmes m\u0101jas lapu vai uz citu m\u0101jas lapu, kas atpaz\u012bst \u0161o s\u012bkdatni. S\u012bkdatnes darbojas k\u0101 konkr\u0113tas m\u0101jas lapas atmi\u0146a, \u013caujot \u0161ai lapai atcer\u0113ties J\u016bsu datoru n\u0101kamaj\u0101s apmekl\u0113juma reiz\u0113s, tai skait\u0101 s\u012bkdatnes var atcer\u0113ties J\u016bsu iest\u0101t\u012bjumus vai uzlabot lietot\u0101ja \u0113rt\u012bbas. Papildu inform\u0101ciju par s\u012bkdatn\u0113m, k\u0101 ar\u012b k\u0101 t\u0101s iesp\u0113jams p\u0101rvald\u012bt vai izdz\u0113st, varat ieg\u016bt m\u0101jaslap\u0101\u00a0www.aboutcookies.org.<\/p>\n<p><strong>K\u0101 m\u0113s s\u012bkdatnes izmantojam?<\/strong><\/p>\n<p>T\u012bmek\u013ca vietn\u0113 tiek izmantotas s\u012bkdatnes, lai t\u012bmek\u013ca vietne atcer\u0113tos:<\/p>\n<ul>\n<li>vai esat jau inform\u0113ts, ka m\u0113s \u0161aj\u0101 vietn\u0113 izmantojam s\u012bkdatnes;<\/li>\n<li>cik sen veikta p\u0113d\u0113j\u0101 darb\u012bba<\/li>\n<li>mekl\u0113\u0161anas laukos ievad\u012bt\u0101s v\u0113rt\u012bbas<\/li>\n<\/ul>\n<p><strong>Google Analytics<\/strong><\/p>\n<p>T\u012bmek\u013ca vietn\u0113 ir uzst\u0101d\u012bts \u201cGoogle Inc\u201d izveidot\u0101s programmas \u201cGoogle Analytics\u201d veidot\u0101s s\u012bkdatnes. \u201cGoogle Analytics\u201d s\u012bkdat\u0146u izmanto\u0161anas m\u0113r\u0137is ir t\u012bmek\u013ca vietnes satura kvalit\u0101tes uzlabo\u0161ana un satura piel\u0101go\u0161ana lietot\u0101ju vajadz\u012bb\u0101m. Pla\u0161\u0101k par \u201cGoogle Analytics\u201d pakalpojuma snieg\u0161anas noteikumiem var iepaz\u012bties m\u0101jaslap\u0101\u00a0http:\/\/www.google.com\/analytics\/terms\/us.html.<\/p>\n<p>Ja J\u016bs v\u0113laties, lai vietne neieg\u016bst inform\u0101ciju par J\u016bsu aktivit\u0101t\u0113m, Jums j\u0101aktiviz\u0113 Google Analytics Opt-out Browser Add-on (https:\/\/support.google.com\/analytics\/answer\/181881) papildr\u012bks. \u0160is papildr\u012bks sazin\u0101s ar Google Analytics JavaScript (ga.js), lai nor\u0101d\u012btu, ka dati par attiec\u012bgo interneta vietnes apmekl\u0113jumu nav j\u0101s\u016bta uz \u201cGoogle Analytics\u201d.<\/p>\n<p><strong>K\u0101 izsl\u0113gt s\u012bkdatnes?<\/strong><\/p>\n<p>P\u0113c v\u0113l\u0113\u0161an\u0101s varat s\u012bkdatnes kontrol\u0113t un izdz\u0113st. Pla\u0161\u0101k lasiet \u0161eit:\u00a0aboutcookies.org. J\u016bs varat izdz\u0113st visas s\u012bkdatnes, kuras ir J\u016bsu dator\u0101, un liel\u0101ko da\u013cu p\u0101rl\u016bkprogrammu var iestat\u012bt t\u0101, lai tiktu blo\u0137\u0113ta s\u012bkdat\u0146u ievieto\u0161ana dator\u0101. Ta\u010du t\u0101d\u0101 gad\u012bjum\u0101 Jums manu\u0101li b\u016bs j\u0101piel\u0101go iestat\u012bjumi ikreiz, kad apmekl\u0113siet t\u012bmek\u013ca vietni, un turkl\u0101t past\u0101v iesp\u0113jam\u012bba, ka da\u017ei pakalpojumi un funkcijas nedarbosies.<\/p>\n","protected":false},"excerpt":{"rendered":"<p>Priv\u0101tuma politikas m\u0113r\u0137is ir sniegt fiziskajai personai (datu subjektam) inform\u0101ciju par fizisk\u0101s personas personas datu apstr\u0101des m\u0113r\u0137i, nol\u016bku, apjomu, dro\u0161\u012bbu, aizsardz\u012bbu, k\u0101 ar\u012b sniegt citu inform\u0101ciju par personas datu apstr\u0101di. Personas dati Personas dati ir jebk\u0101da inform\u0101cija, kas attiecas uz identific\u0113tu vai identific\u0113jamu fizisko personu. Personas datu apstr\u0101de Personas datu apstr\u0101de tiek veikta izmantojot specializ\u0113tas&#8230;<\/p>\n","protected":false},"author":1,"featured_media":0,"parent":0,"menu_order":0,"comment_status":"closed","ping_status":"closed","template":"","meta":{"footnotes":""},"_links":{"self":[{"href":"https:\/\/diysound.eu\/lv\/wp-json\/wp\/v2\/pages\/9165"}],"collection":[{"href":"https:\/\/diysound.eu\/lv\/wp-json\/wp\/v2\/pages"}],"about":[{"href":"https:\/\/diysound.eu\/lv\/wp-json\/wp\/v2\/types\/page"}],"author":[{"embeddable":true,"href":"https:\/\/diysound.eu\/lv\/wp-json\/wp\/v2\/users\/1"}],"replies":[{"embeddable":true,"href":"https:\/\/diysound.eu\/lv\/wp-json\/wp\/v2\/comments?post=9165"}],"version-history":[{"count":1,"href":"https:\/\/diysound.eu\/lv\/wp-json\/wp\/v2\/pages\/9165\/revisions"}],"predecessor-version":[{"id":9166,"href":"https:\/\/diysound.eu\/lv\/wp-json\/wp\/v2\/pages\/9165\/revisions\/9166"}],"wp:attachment":[{"href":"https:\/\/diysound.eu\/lv\/wp-json\/wp\/v2\/media?parent=9165"}],"curies":[{"name":"wp","href":"https:\/\/api.w.org\/{rel}","templated":true}]}}