{"id":8070,"date":"2023-05-22T15:35:26","date_gmt":"2023-05-22T12:35:26","guid":{"rendered":"https:\/\/diysound.eu\/?page_id=8070"},"modified":"2024-04-11T12:38:21","modified_gmt":"2024-04-11T09:38:21","slug":"produkti","status":"publish","type":"page","link":"https:\/\/diysound.eu\/lv\/produkti\/","title":{"rendered":"Produkti"},"content":{"rendered":"<section class=\"l-section wpb_row height_medium color_primary with_img parallax_hor bgwidth_120\"><div class=\"l-section-img\" role=\"img\" data-img-width=\"2560\" data-img-height=\"1707\" style=\"background-image: url(https:\/\/diysound.eu\/wp-content\/uploads\/2024\/03\/01_PRODUKTI-scaled.jpg);\"><\/div><div class=\"l-section-overlay\" style=\"background:var(--color-header-top-transparent-bg)\"><\/div><div class=\"l-section-h i-cf\"><div class=\"g-cols vc_row via_flex valign_top type_default stacking_default\"><div class=\"vc_col-sm-12 wpb_column vc_column_container\"><div class=\"vc_column-inner\"><div class=\"wpb_wrapper\"><div class=\"w-separator size_small\"><\/div><div class=\"g-cols wpb_row via_flex valign_top type_default stacking_default\"><div class=\"vc_col-sm-4 wpb_column vc_column_container stretched\"><div class=\"vc_column-inner\"><div class=\"wpb_wrapper\"><div class=\"w-separator size_medium\"><\/div><div class=\"w-separator size_medium\"><\/div><div class=\"w-separator size_medium\"><\/div><div class=\"w-iconbox iconpos_top style_default color_custom align_center no_title\"><a href=\"#intro\" class=\"w-iconbox-link\" aria-label><div class=\"w-iconbox-icon\" style=\"font-size:3rem;--icon-color:#ffffff;\"><\/div><\/a><div class=\"w-iconbox-meta\"><div class=\"w-iconbox-text\"><h3 style=\"text-align: left;\">Tavs ce\u013cojums rad\u012b\u0161anas pasaul\u0113 ir s\u0101cies!<\/h3>\n<p style=\"text-align: left;\">Esam rad\u012bju\u0161i vienk\u0101r\u0161i saliekamus akustiskos konstruktorus ar augst\u0101k\u0101s kvalit\u0101tes un precizit\u0101tes ska\u0146u. Konstru\u0113 tos, izveido dizainu un izbaudi!<\/p>\n<\/div><\/div><\/div><\/div><\/div><\/div><div class=\"vc_col-sm-4 wpb_column vc_column_container\"><div class=\"vc_column-inner\"><div class=\"wpb_wrapper\"><\/div><\/div><\/div><div class=\"vc_col-sm-4 wpb_column vc_column_container\"><div class=\"vc_column-inner\"><div class=\"wpb_wrapper\"><\/div><\/div><\/div><\/div><div class=\"g-cols wpb_row via_flex valign_top type_default stacking_default\"><div class=\"vc_col-sm-1\/5 wpb_column vc_column_container\"><div class=\"vc_column-inner\"><div class=\"wpb_wrapper\"><\/div><\/div><\/div><div class=\"vc_col-sm-1\/5 wpb_column vc_column_container\"><div class=\"vc_column-inner\"><div class=\"wpb_wrapper\"><\/div><\/div><\/div><div class=\"vc_col-sm-1\/5 wpb_column vc_column_container\"><div class=\"vc_column-inner\"><div class=\"wpb_wrapper\"><div class=\"w-separator size_medium\"><\/div><div class=\"w-separator size_medium\"><\/div><div class=\"w-iconbox iconpos_top style_default color_primary align_center no_text no_title icontype_img\"><div class=\"w-iconbox-icon\" style=\"font-size:2rem;\"><img width=\"90\" height=\"90\" src=\"https:\/\/diysound.eu\/wp-content\/uploads\/2023\/08\/icons8-chevron-down-90-1.png\" class=\"attachment-full size-full\" alt=\"\" decoding=\"async\" loading=\"lazy\" \/><\/div><div class=\"w-iconbox-meta\"><\/div><\/div><\/div><\/div><\/div><div class=\"vc_col-sm-1\/5 wpb_column vc_column_container\"><div class=\"vc_column-inner\"><div class=\"wpb_wrapper\"><\/div><\/div><\/div><div class=\"vc_col-sm-1\/5 wpb_column vc_column_container\"><div class=\"vc_column-inner\"><div class=\"wpb_wrapper\"><\/div><\/div><\/div><\/div><\/div><\/div><\/div><\/div><\/div><\/section><section class=\"l-section wpb_row height_auto color_primary type_sticky\"><div class=\"l-section-h i-cf\"><div class=\"g-cols vc_row via_flex valign_top type_default stacking_default\"><div class=\"vc_col-sm-12 wpb_column vc_column_container\"><div class=\"vc_column-inner\"><div class=\"wpb_wrapper\"><nav class=\"w-menu us_custom_5c6401b0 layout_hor style_blocks not_responsive us_menu_1\" style=\"--main-ver-indent:0.8em;--main-hor-indent:0.8em;--main-color:rgba(255,255,255,0.66);--main-hover-color:#ffffff;--main-active-color:#ffffff;\"><ul id=\"menu-producti\" class=\"menu\"><li id=\"menu-item-8902\" class=\"menu-item menu-item-type-custom menu-item-object-custom menu-item-8902\"><a href=\"#light\">Light<\/a><\/li><li id=\"menu-item-8904\" class=\"menu-item menu-item-type-custom menu-item-object-custom menu-item-8904\"><a href=\"#passion\">Passion<\/a><\/li><li id=\"menu-item-8905\" class=\"menu-item menu-item-type-custom menu-item-object-custom menu-item-8905\"><a href=\"#vintage\">Vintage<\/a><\/li><\/ul><\/nav><\/div><\/div><\/div><\/div><\/div><\/section><section class=\"l-section wpb_row height_auto width_full color_primary\"><div class=\"l-section-h i-cf\"><div class=\"g-cols vc_row via_flex valign_top type_default stacking_default\"><div class=\"vc_col-sm-12 wpb_column vc_column_container\"><div class=\"vc_column-inner\"><div class=\"wpb_wrapper\"><div class=\"g-cols wpb_row via_flex valign_middle type_default stacking_default\"><div class=\"vc_col-sm-6 wpb_column vc_column_container\"><div class=\"vc_column-inner\"><div class=\"wpb_wrapper\"><div class=\"wpb_text_column\"><div class=\"wpb_wrapper\"><div class=\"wpb_text_column\">\n<div class=\"wpb_wrapper\">\n<div class=\"wpb_text_column\">\n<div class=\"wpb_wrapper\">\n<div class=\"wpb_text_column\">\n<div class=\"wpb_wrapper\">\n<h1 style=\"text-align: center;\"><strong><img decoding=\"async\" loading=\"lazy\" class=\"alignnone wp-image-8466\" src=\"https:\/\/diysound.eu\/wp-content\/uploads\/2023\/08\/wav-white-1-213x300.png\" alt=\"\" width=\"30\" height=\"42\" srcset=\"https:\/\/diysound.eu\/wp-content\/uploads\/2023\/08\/wav-white-1-213x300.png 213w, https:\/\/diysound.eu\/wp-content\/uploads\/2023\/08\/wav-white-1.png 297w\" sizes=\"(max-width: 30px) 100vw, 30px\" \/> LIGHT<\/strong><\/h1>\n<p style=\"text-align: center;\"><strong>Radi sev gai\u0161as emocijas un atmi\u0146as par akustisko sist\u0113mu konstru\u0113\u0161anu un iededz sev\u012b m\u012blest\u012bbas liesmu pret m\u016bzikas klaus\u012b\u0161an\u0101s procesu!<\/strong><\/p>\n<\/div>\n<\/div>\n<\/div>\n<\/div>\n<\/div>\n<\/div>\n<\/div><\/div><\/div><\/div><\/div><div class=\"vc_col-sm-6 wpb_column vc_column_container\"><div class=\"vc_column-inner\"><div class=\"wpb_wrapper\"><div class=\"w-grid type_grid layout_8899 with_css_animation ratio_3x2\" id=\"light\" style=\"--gap:4px;\" data-filterable=\"true\"><style>@media (min-width:1024px){#light .w-post-elm.post_title{font-size:1.5rem!important}}#light .w-grid-item-h:before{padding-bottom:66.6667%}.layout_8899 .w-grid-item-h:before{padding-bottom:100%}@media (min-width:601px){.layout_8899 .w-grid-item.size_1x2 .w-grid-item-h:before{padding-bottom:calc(200% + var(--gap,0px) * 2)}.layout_8899 .w-grid-item.size_2x1 .w-grid-item-h:before{padding-bottom:calc(50% - var(--gap,0px) * 1)}.layout_8899 .w-grid-item.size_2x2 .w-grid-item-h:before{padding-bottom:calc(100% - var(--gap,0px) * 0)}}.layout_8899 .w-grid-item-h{}.layout_8899 .usg_post_image_1{transition-duration:0.3s;transform-origin:50% 50%;transform:scale(1) translate(0%,0%)}.layout_8899 .w-grid-item-h:hover .usg_post_image_1{transform:scale(0.9) translate(0%,0%);opacity:0.6}.layout_8899 .usg_post_image_1{position:relative!important;left:0!important;top:0!important;bottom:0!important;right:0!important}<\/style><div class=\"w-grid-list\">\t<article class=\"w-grid-item us_animate_fade size_1x1 post-8853 attachment type-attachment status-inherit hentry\" data-id=\"8853\">\r\n\t\t<div class=\"w-grid-item-h\">\r\n\t\t\t\t\t\t<div class=\"w-post-elm post_image usg_post_image_1 stretched\"><a href=\"\/lv\/light\/\" aria-label=\"02_PRODUKTI\"><img width=\"1707\" height=\"2560\" src=\"https:\/\/diysound.eu\/wp-content\/uploads\/2024\/03\/02_PRODUKTI-scaled.jpg\" class=\"attachment-full size-full\" alt=\"DIY-SOUND akustisko sist\u0113mu konstruktors \u201cLIGHT\u201d\" decoding=\"async\" loading=\"lazy\" srcset=\"https:\/\/diysound.eu\/wp-content\/uploads\/2024\/03\/02_PRODUKTI-scaled.jpg 1707w, https:\/\/diysound.eu\/wp-content\/uploads\/2024\/03\/02_PRODUKTI-200x300.jpg 200w, https:\/\/diysound.eu\/wp-content\/uploads\/2024\/03\/02_PRODUKTI-683x1024.jpg 683w, https:\/\/diysound.eu\/wp-content\/uploads\/2024\/03\/02_PRODUKTI-1024x1536.jpg 1024w, https:\/\/diysound.eu\/wp-content\/uploads\/2024\/03\/02_PRODUKTI-600x900.jpg 600w\" sizes=\"(max-width: 1707px) 100vw, 1707px\" \/><\/a><\/div>\t\t<\/div>\r\n\t\t\t<\/article>\r\n<\/div><div class=\"w-grid-preloader\">\t<div class=\"g-preloader type_1\">\r\n\t\t<div><\/div>\r\n\t<\/div>\r\n\t<\/div>\t<div class=\"w-grid-json hidden\" onclick='return {&quot;action&quot;:&quot;us_ajax_grid&quot;,&quot;infinite_scroll&quot;:0,&quot;max_num_pages&quot;:1,&quot;pagination&quot;:&quot;ajax&quot;,&quot;template_vars&quot;:{&quot;columns&quot;:&quot;1&quot;,&quot;exclude_items&quot;:&quot;none&quot;,&quot;img_size&quot;:&quot;full&quot;,&quot;ignore_items_size&quot;:0,&quot;items_layout&quot;:&quot;8899&quot;,&quot;items_offset&quot;:&quot;1&quot;,&quot;load_animation&quot;:&quot;fade&quot;,&quot;overriding_link&quot;:&quot;%7B%22url%22%3A%22%22%7D&quot;,&quot;post_id&quot;:0,&quot;query_args&quot;:{&quot;post_type&quot;:[&quot;attachment&quot;],&quot;post__in&quot;:[&quot;8853&quot;],&quot;post_status&quot;:&quot;inherit&quot;,&quot;post_mime_type&quot;:&quot;image&quot;,&quot;posts_per_page&quot;:&quot;1&quot;},&quot;orderby_query_args&quot;:{&quot;orderby&quot;:{&quot;title&quot;:&quot;ASC&quot;},&quot;order&quot;:&quot;ASC&quot;},&quot;type&quot;:&quot;grid&quot;,&quot;us_grid_ajax_index&quot;:1,&quot;us_grid_filter_params&quot;:[],&quot;us_grid_index&quot;:1,&quot;_us_grid_post_type&quot;:&quot;attachment&quot;,&quot;page_args&quot;:[],&quot;lang&quot;:&quot;lv&quot;}}'><\/div>\r\n\t<\/div><\/div><\/div><\/div><\/div><\/div><\/div><\/div><\/div><\/div><\/section><section class=\"l-section wpb_row height_auto width_full color_primary\"><div class=\"l-section-h i-cf\"><div class=\"g-cols vc_row via_flex valign_top type_default stacking_default\"><div class=\"vc_col-sm-12 wpb_column vc_column_container\"><div class=\"vc_column-inner\"><div class=\"wpb_wrapper\"><div class=\"g-cols wpb_row via_flex valign_middle type_default reversed stacking_default\"><div class=\"vc_col-sm-6 wpb_column vc_column_container\"><div class=\"vc_column-inner\"><div class=\"wpb_wrapper\"><div class=\"w-grid type_grid layout_8931 with_css_animation ratio_16x9\" id=\"passion\" style=\"--gap:4px;\" data-filterable=\"true\"><style>@media (min-width:1024px){#passion .w-post-elm.post_title{font-size:1.5rem!important}}#passion .w-grid-item-h:before{padding-bottom:56.25%}.layout_8931 .w-grid-item-h:before{padding-bottom:100%}@media (min-width:601px){.layout_8931 .w-grid-item.size_1x2 .w-grid-item-h:before{padding-bottom:calc(200% + var(--gap,0px) * 2)}.layout_8931 .w-grid-item.size_2x1 .w-grid-item-h:before{padding-bottom:calc(50% - var(--gap,0px) * 1)}.layout_8931 .w-grid-item.size_2x2 .w-grid-item-h:before{padding-bottom:calc(100% - var(--gap,0px) * 0)}}.layout_8931 .w-grid-item-h{}.layout_8931 .usg_post_image_1{transition-duration:0.3s;transform-origin:50% 50%;transform:scale(1) translate(0%,0%)}.layout_8931 .w-grid-item-h:hover .usg_post_image_1{transform:scale(0.9) translate(0%,0%);opacity:0.6}.layout_8931 .usg_post_image_1{position:relative!important;left:0!important;top:0!important;bottom:0!important;right:0!important}<\/style><div class=\"w-grid-list\">\t<article class=\"w-grid-item us_animate_fade size_1x1 post-8855 attachment type-attachment status-inherit hentry\" data-id=\"8855\">\r\n\t\t<div class=\"w-grid-item-h\">\r\n\t\t\t\t\t\t<div class=\"w-post-elm post_image usg_post_image_1 stretched\"><a href=\"\/lv\/passion\/\" aria-label=\"03_PRODUKTI\"><img width=\"1707\" height=\"2560\" src=\"https:\/\/diysound.eu\/wp-content\/uploads\/2024\/03\/03_PRODUKTI-scaled.jpg\" class=\"attachment-full size-full\" alt=\"DIY-SOUND akustisko sist\u0113mu konstruktors \u201cPASSION\u201d\" decoding=\"async\" loading=\"lazy\" srcset=\"https:\/\/diysound.eu\/wp-content\/uploads\/2024\/03\/03_PRODUKTI-scaled.jpg 1707w, https:\/\/diysound.eu\/wp-content\/uploads\/2024\/03\/03_PRODUKTI-200x300.jpg 200w, https:\/\/diysound.eu\/wp-content\/uploads\/2024\/03\/03_PRODUKTI-683x1024.jpg 683w, https:\/\/diysound.eu\/wp-content\/uploads\/2024\/03\/03_PRODUKTI-1024x1536.jpg 1024w, https:\/\/diysound.eu\/wp-content\/uploads\/2024\/03\/03_PRODUKTI-600x900.jpg 600w\" sizes=\"(max-width: 1707px) 100vw, 1707px\" \/><\/a><\/div>\t\t<\/div>\r\n\t\t\t<\/article>\r\n<\/div><div class=\"w-grid-preloader\">\t<div class=\"g-preloader type_1\">\r\n\t\t<div><\/div>\r\n\t<\/div>\r\n\t<\/div>\t<div class=\"w-grid-json hidden\" onclick='return {&quot;action&quot;:&quot;us_ajax_grid&quot;,&quot;infinite_scroll&quot;:0,&quot;max_num_pages&quot;:1,&quot;pagination&quot;:&quot;ajax&quot;,&quot;template_vars&quot;:{&quot;columns&quot;:&quot;1&quot;,&quot;exclude_items&quot;:&quot;none&quot;,&quot;img_size&quot;:&quot;full&quot;,&quot;ignore_items_size&quot;:0,&quot;items_layout&quot;:&quot;8931&quot;,&quot;items_offset&quot;:&quot;1&quot;,&quot;load_animation&quot;:&quot;fade&quot;,&quot;overriding_link&quot;:&quot;%7B%22url%22%3A%22%22%7D&quot;,&quot;post_id&quot;:0,&quot;query_args&quot;:{&quot;post_type&quot;:[&quot;attachment&quot;],&quot;post__in&quot;:[&quot;8855&quot;],&quot;post_status&quot;:&quot;inherit&quot;,&quot;post_mime_type&quot;:&quot;image&quot;,&quot;posts_per_page&quot;:&quot;1&quot;},&quot;orderby_query_args&quot;:{&quot;orderby&quot;:{&quot;title&quot;:&quot;ASC&quot;},&quot;order&quot;:&quot;ASC&quot;},&quot;type&quot;:&quot;grid&quot;,&quot;us_grid_ajax_index&quot;:2,&quot;us_grid_filter_params&quot;:[],&quot;us_grid_index&quot;:2,&quot;_us_grid_post_type&quot;:&quot;attachment&quot;,&quot;page_args&quot;:[],&quot;lang&quot;:&quot;lv&quot;}}'><\/div>\r\n\t<\/div><\/div><\/div><\/div><div class=\"vc_col-sm-6 wpb_column vc_column_container\"><div class=\"vc_column-inner\"><div class=\"wpb_wrapper\"><div class=\"wpb_text_column\"><div class=\"wpb_wrapper\"><div class=\"wpb_text_column\">\n<div class=\"wpb_wrapper\">\n<div class=\"wpb_text_column\">\n<div class=\"wpb_wrapper\">\n<h1 style=\"text-align: center;\"><strong><img decoding=\"async\" loading=\"lazy\" class=\"alignnone wp-image-8466\" src=\"https:\/\/diysound.eu\/wp-content\/uploads\/2023\/08\/wav-white-1-213x300.png\" alt=\"\" width=\"30\" height=\"42\" srcset=\"https:\/\/diysound.eu\/wp-content\/uploads\/2023\/08\/wav-white-1-213x300.png 213w, https:\/\/diysound.eu\/wp-content\/uploads\/2023\/08\/wav-white-1.png 297w\" sizes=\"(max-width: 30px) 100vw, 30px\" \/> PASSION<\/strong><\/h1>\n<p style=\"text-align: center;\"><strong>Kaisle un aizrau\u0161an\u0101s ar m\u016bziku. Tas nav viena mirk\u013ca uzplaiksn\u012bjums, tas ir dz\u012bvesveids. T\u0101 ir v\u0113lme klaus\u012bties m\u016bziku ar augstas kvalit\u0101tes skand\u0101m un \u0161o ska\u0146as br\u012bnumu rad\u012bt pa\u0161am.<\/strong><\/p>\n<\/div>\n<\/div>\n<\/div>\n<\/div>\n<\/div><\/div><\/div><\/div><\/div><\/div><\/div><\/div><\/div><\/div><\/div><\/section><section class=\"l-section wpb_row height_auto width_full color_primary\"><div class=\"l-section-h i-cf\"><div class=\"g-cols vc_row via_flex valign_top type_default stacking_default\"><div class=\"vc_col-sm-12 wpb_column vc_column_container\"><div class=\"vc_column-inner\"><div class=\"wpb_wrapper\"><div class=\"g-cols wpb_row via_flex valign_middle type_default stacking_default\"><div class=\"vc_col-sm-6 wpb_column vc_column_container\"><div class=\"vc_column-inner\"><div class=\"wpb_wrapper\"><div class=\"wpb_text_column\"><div class=\"wpb_wrapper\"><div class=\"wpb_text_column\">\n<div class=\"wpb_wrapper\">\n<div class=\"wpb_text_column\">\n<div class=\"wpb_wrapper\">\n<div class=\"wpb_text_column\">\n<div class=\"wpb_wrapper\">\n<h1 style=\"text-align: center;\"><strong><img decoding=\"async\" loading=\"lazy\" class=\"alignnone wp-image-8466\" src=\"https:\/\/diysound.eu\/wp-content\/uploads\/2023\/08\/wav-white-1-213x300.png\" alt=\"\" width=\"30\" height=\"42\" srcset=\"https:\/\/diysound.eu\/wp-content\/uploads\/2023\/08\/wav-white-1-213x300.png 213w, https:\/\/diysound.eu\/wp-content\/uploads\/2023\/08\/wav-white-1.png 297w\" sizes=\"(max-width: 30px) 100vw, 30px\" \/> VINTAGE<\/strong><\/h1>\n<p style=\"text-align: center;\"><strong>Kaut kas no senatnes tagadn\u0113 &#8211; t\u0101 varam raksturot m\u016bsu konstruktoru \u201cVINTAGE\u201d. Tam ir klasisks dizains, ta\u010du m\u016bsdien\u012bgs augstas kvalit\u0101tes skan\u0113jums. <\/strong><\/p>\n<\/div>\n<\/div>\n<\/div>\n<\/div>\n<\/div>\n<\/div>\n<\/div><\/div><\/div><\/div><\/div><div class=\"vc_col-sm-6 wpb_column vc_column_container\"><div class=\"vc_column-inner\"><div class=\"wpb_wrapper\"><div class=\"w-grid type_grid layout_8933 with_css_animation ratio_3x2\" id=\"vintage\" style=\"--gap:4px;\" data-filterable=\"true\"><style>@media (min-width:1024px){#vintage .w-post-elm.post_title{font-size:1.5rem!important}}#vintage .w-grid-item-h:before{padding-bottom:66.6667%}.layout_8933 .w-grid-item-h:before{padding-bottom:100%}@media (min-width:601px){.layout_8933 .w-grid-item.size_1x2 .w-grid-item-h:before{padding-bottom:calc(200% + var(--gap,0px) * 2)}.layout_8933 .w-grid-item.size_2x1 .w-grid-item-h:before{padding-bottom:calc(50% - var(--gap,0px) * 1)}.layout_8933 .w-grid-item.size_2x2 .w-grid-item-h:before{padding-bottom:calc(100% - var(--gap,0px) * 0)}}.layout_8933 .w-grid-item-h{}.layout_8933 .usg_post_image_1{transition-duration:0.3s;transform-origin:50% 50%;transform:scale(1) translate(0%,0%)}.layout_8933 .w-grid-item-h:hover .usg_post_image_1{transform:scale(0.9) translate(0%,0%);opacity:0.6}.layout_8933 .usg_post_image_1{position:relative!important;left:0!important;top:0!important;bottom:0!important;right:0!important}<\/style><div class=\"w-grid-list\">\t<article class=\"w-grid-item us_animate_fade size_1x1 post-8952 attachment type-attachment status-inherit hentry\" data-id=\"8952\">\r\n\t\t<div class=\"w-grid-item-h\">\r\n\t\t\t\t\t\t<div class=\"w-post-elm post_image usg_post_image_1 stretched\"><a href=\"\/lv\/vintage\/\" aria-label=\"01_VINTAGE\"><img width=\"1707\" height=\"2560\" src=\"https:\/\/diysound.eu\/wp-content\/uploads\/2024\/03\/01_VINTAGE-scaled.jpg\" class=\"attachment-full size-full\" alt=\"Akustisko sist\u0113mu konstruktors \u201cVINTAGE\u201d\" decoding=\"async\" loading=\"lazy\" srcset=\"https:\/\/diysound.eu\/wp-content\/uploads\/2024\/03\/01_VINTAGE-scaled.jpg 1707w, https:\/\/diysound.eu\/wp-content\/uploads\/2024\/03\/01_VINTAGE-200x300.jpg 200w, https:\/\/diysound.eu\/wp-content\/uploads\/2024\/03\/01_VINTAGE-683x1024.jpg 683w, https:\/\/diysound.eu\/wp-content\/uploads\/2024\/03\/01_VINTAGE-1024x1536.jpg 1024w, https:\/\/diysound.eu\/wp-content\/uploads\/2024\/03\/01_VINTAGE-600x900.jpg 600w\" sizes=\"(max-width: 1707px) 100vw, 1707px\" \/><\/a><\/div>\t\t<\/div>\r\n\t\t\t<\/article>\r\n<\/div><div class=\"w-grid-preloader\">\t<div class=\"g-preloader type_1\">\r\n\t\t<div><\/div>\r\n\t<\/div>\r\n\t<\/div>\t<div class=\"w-grid-json hidden\" onclick='return {&quot;action&quot;:&quot;us_ajax_grid&quot;,&quot;infinite_scroll&quot;:0,&quot;max_num_pages&quot;:1,&quot;pagination&quot;:&quot;ajax&quot;,&quot;template_vars&quot;:{&quot;columns&quot;:&quot;1&quot;,&quot;exclude_items&quot;:&quot;none&quot;,&quot;img_size&quot;:&quot;full&quot;,&quot;ignore_items_size&quot;:0,&quot;items_layout&quot;:&quot;8933&quot;,&quot;items_offset&quot;:&quot;1&quot;,&quot;load_animation&quot;:&quot;fade&quot;,&quot;overriding_link&quot;:&quot;%7B%22url%22%3A%22%22%7D&quot;,&quot;post_id&quot;:0,&quot;query_args&quot;:{&quot;post_type&quot;:[&quot;attachment&quot;],&quot;post__in&quot;:[&quot;8952&quot;],&quot;post_status&quot;:&quot;inherit&quot;,&quot;post_mime_type&quot;:&quot;image&quot;,&quot;posts_per_page&quot;:&quot;1&quot;},&quot;orderby_query_args&quot;:{&quot;orderby&quot;:{&quot;title&quot;:&quot;ASC&quot;},&quot;order&quot;:&quot;ASC&quot;},&quot;type&quot;:&quot;grid&quot;,&quot;us_grid_ajax_index&quot;:3,&quot;us_grid_filter_params&quot;:[],&quot;us_grid_index&quot;:3,&quot;_us_grid_post_type&quot;:&quot;attachment&quot;,&quot;page_args&quot;:[],&quot;lang&quot;:&quot;lv&quot;}}'><\/div>\r\n\t<\/div><\/div><\/div><\/div><\/div><\/div><\/div><\/div><\/div><\/div><\/section>\n","protected":false},"excerpt":{"rendered":"","protected":false},"author":1,"featured_media":0,"parent":0,"menu_order":0,"comment_status":"closed","ping_status":"closed","template":"","meta":{"footnotes":""},"_links":{"self":[{"href":"https:\/\/diysound.eu\/lv\/wp-json\/wp\/v2\/pages\/8070"}],"collection":[{"href":"https:\/\/diysound.eu\/lv\/wp-json\/wp\/v2\/pages"}],"about":[{"href":"https:\/\/diysound.eu\/lv\/wp-json\/wp\/v2\/types\/page"}],"author":[{"embeddable":true,"href":"https:\/\/diysound.eu\/lv\/wp-json\/wp\/v2\/users\/1"}],"replies":[{"embeddable":true,"href":"https:\/\/diysound.eu\/lv\/wp-json\/wp\/v2\/comments?post=8070"}],"version-history":[{"count":45,"href":"https:\/\/diysound.eu\/lv\/wp-json\/wp\/v2\/pages\/8070\/revisions"}],"predecessor-version":[{"id":9127,"href":"https:\/\/diysound.eu\/lv\/wp-json\/wp\/v2\/pages\/8070\/revisions\/9127"}],"wp:attachment":[{"href":"https:\/\/diysound.eu\/lv\/wp-json\/wp\/v2\/media?parent=8070"}],"curies":[{"name":"wp","href":"https:\/\/api.w.org\/{rel}","templated":true}]}}