{"id":8054,"date":"2023-05-22T15:35:02","date_gmt":"2023-05-22T12:35:02","guid":{"rendered":"https:\/\/diysound.eu\/?page_id=8054"},"modified":"2024-07-16T14:23:30","modified_gmt":"2024-07-16T11:23:30","slug":"kontakti","status":"publish","type":"page","link":"https:\/\/diysound.eu\/lv\/kontakti\/","title":{"rendered":"Kontakti"},"content":{"rendered":"<section class=\"l-section wpb_row height_medium color_primary\"><div class=\"l-section-h i-cf\"><div class=\"g-cols vc_row via_flex valign_top type_default stacking_default\" style=\"--additional-gap:10px;\"><div class=\"vc_col-sm-12 wpb_column vc_column_container\"><div class=\"vc_column-inner\"><div class=\"wpb_wrapper\"><div class=\"g-cols wpb_row via_flex valign_top type_default stacking_default\"><div class=\"vc_col-sm-6 wpb_column vc_column_container\"><div class=\"vc_column-inner\"><div class=\"wpb_wrapper\"><div class=\"w-separator size_small\"><\/div><div class=\"w-iconbox iconpos_left style_circle color_primary align_left no_text\"><div class=\"w-iconbox-icon\" style=\"font-size:1.5rem;\"><i class=\"fal fa-conveyor-belt-alt\"><\/i><\/div><div class=\"w-iconbox-meta\"><h6 class=\"w-iconbox-title\">Ra\u017eot\u0101js<\/h6><\/div><\/div><div class=\"w-separator size_small\"><\/div><div class=\"w-iconbox iconpos_left style_default color_primary align_left no_text\"><div class=\"w-iconbox-icon\" style=\"font-size:1.5rem;\"><i class=\"fal fa-boombox\"><\/i><\/div><div class=\"w-iconbox-meta\"><h6 class=\"w-iconbox-title\">SIA \u201cDIY-SOUND\u201d<\/h6><\/div><\/div><div class=\"w-iconbox iconpos_left style_default color_primary align_left no_text\"><div class=\"w-iconbox-icon\" style=\"font-size:1.5rem;\"><\/div><div class=\"w-iconbox-meta\"><h6 class=\"w-iconbox-title\">Grobi\u0146a, Celtnieku iela 20-31, LV3430<\/h6><\/div><\/div><div class=\"w-iconbox iconpos_left style_default color_primary align_left no_text\"><div class=\"w-iconbox-icon\" style=\"font-size:1.5rem;\"><\/div><div class=\"w-iconbox-meta\"><h6 class=\"w-iconbox-title\">Re\u0123istr\u0101cijas numurs: 40203496823<\/h6><\/div><\/div><div class=\"w-iconbox iconpos_left style_default color_primary align_left no_text\"><div class=\"w-iconbox-icon\" style=\"font-size:1.5rem;\"><\/div><div class=\"w-iconbox-meta\"><h6 class=\"w-iconbox-title\">PVN re\u0123istr\u0101cijas numurs: LV40203496823<\/h6><\/div><\/div><div class=\"w-separator size_small\"><\/div><div class=\"w-iconbox iconpos_left style_default color_primary align_left no_text\"><div class=\"w-iconbox-icon\" style=\"font-size:1.5rem;\"><i class=\"fal fa-phone\"><\/i><\/div><div class=\"w-iconbox-meta\"><h6 class=\"w-iconbox-title\">+371 26 005 131<\/h6><\/div><\/div><div class=\"w-separator size_small\"><\/div><div class=\"w-iconbox iconpos_left style_default color_primary align_left no_text\"><a href=\"mailto:info@diysound.eu\" class=\"w-iconbox-link\" aria-label=\"info@diysound.eu\"><div class=\"w-iconbox-icon\" style=\"font-size:1.5rem;\"><i class=\"fal fa-envelope\"><\/i><\/div><\/a><div class=\"w-iconbox-meta\"><a href=\"mailto:info@diysound.eu\" class=\"w-iconbox-link\" aria-label=\"info@diysound.eu\"><h6 class=\"w-iconbox-title\">info@diysound.eu<\/h6><\/a><\/div><\/div><div class=\"w-separator size_small\"><\/div><div class=\"w-iconbox iconpos_left style_default color_primary align_left no_text\"><a target=\"_blank\" rel=\"nofollow\" href=\"https:\/\/diysound.eu\" class=\"w-iconbox-link\" aria-label=\"https:\/\/diysound.eu\"><div class=\"w-iconbox-icon\" style=\"font-size:1.5rem;\"><i class=\"fal fa-link\"><\/i><\/div><\/a><div class=\"w-iconbox-meta\"><a target=\"_blank\" rel=\"nofollow\" href=\"https:\/\/diysound.eu\" class=\"w-iconbox-link\" aria-label=\"https:\/\/diysound.eu\"><h6 class=\"w-iconbox-title\">https:\/\/diysound.eu<\/h6><\/a><\/div><\/div><div class=\"w-separator size_small\"><\/div><\/div><\/div><\/div><div class=\"vc_col-sm-6 wpb_column vc_column_container\"><div class=\"vc_column-inner\"><div class=\"wpb_wrapper\"><div class=\"w-separator size_medium\"><\/div><form class=\"w-form  layout_ver for_cform us_form_1\" autocomplete=\"off\" action=\"https:\/\/diysound.eu\/lv\/wp-json\/wp\/v2\/pages\/8054\" method=\"post\"><div class=\"w-form-h\"><div class=\"w-form-row for_text with_icon cols_2\">\r\n\t\t<div class=\"w-form-row-field\">\r\n\t\t\t\t<i class=\"far fa-user\"><\/i>\t\t<input aria-label=\"V\u0101rds\" type=\"text\" name=\"us_form_1_text_1\" value placeholder=\"V\u0101rds\"\/>\r\n\t\t\t<\/div>\r\n\t\t<div class=\"w-form-row-state\">Fill out this field<\/div>\r\n<\/div>\r\n<div class=\"w-form-row for_email required with_icon cols_2\">\r\n\t\t<div class=\"w-form-row-field\">\r\n\t\t\t\t<i class=\"far fa-envelope\"><\/i>\t\t<input aria-label=\"Epasts\" type=\"email\" name=\"us_form_1_email_1\" value placeholder=\"Epasts *\" data-required=\"true\" aria-required=\"true\"\/>\r\n\t\t\t<\/div>\r\n\t\t<div class=\"w-form-row-state\">Please enter a valid email address.<\/div>\r\n<\/div>\r\n<div class=\"w-form-row for_textarea required with_icon\">\r\n\t\t<div class=\"w-form-row-field\">\r\n\t\t\t\t<i class=\"far fa-pencil\"><\/i>\t\t<textarea aria-label=\"Zi\u0146a\" name=\"us_form_1_textarea_1\" placeholder=\"Zi\u0146a *\" data-required=\"true\" aria-required=\"true\"><\/textarea>\r\n\t\t\t<\/div>\r\n\t\t<div class=\"w-form-row-state\">Fill out this field<\/div>\r\n<\/div>\r\n<input type=\"hidden\" name=\"action\" value=\"us_ajax_cform\" \/>\r\n<input type=\"hidden\" name=\"post_id\" value=\"0\" \/>\r\n<input type=\"hidden\" name=\"form_index\" value=\"1\" \/>\r\n<div class=\"w-form-row for_submit align_center\">\r\n\t<button class=\"w-btn  us-btn-style_1\" aria-label=\"Nos\u016bt\u012bt zi\u0146u\" type=\"submit\">\r\n\t\t<span class=\"g-preloader type_1\"><\/span>\r\n\t\t\t\t<span class=\"w-btn-label\">Nos\u016bt\u012bt zi\u0146u<\/span>\r\n\t\t\t<\/button>\r\n\t<\/div>\r\n<\/div><div class=\"w-form-message\"><\/div><div class=\"w-form-json hidden\" onclick='return {&quot;ajaxurl&quot;:&quot;https:\\\/\\\/diysound.eu\\\/wp-admin\\\/admin-ajax.php&quot;,&quot;messages&quot;:{&quot;err_empty&quot;:&quot;Fill out this field&quot;,&quot;err_size&quot;:&quot;File size cannot exceed %s MB&quot;,&quot;err_extension&quot;:&quot;%s file type is not allowed&quot;}}'><\/div><\/form><\/div><\/div><\/div><\/div><div class=\"w-separator size_large with_line width_default thick_1 style_solid color_border align_center\"><div class=\"w-separator-h\"><\/div><\/div><div class=\"g-cols wpb_row via_flex valign_top type_default stacking_default\"><div class=\"vc_col-sm-4 wpb_column vc_column_container\"><div class=\"vc_column-inner\"><div class=\"wpb_wrapper\"><div class=\"w-iconbox iconpos_left style_circle color_primary align_left no_text\"><div class=\"w-iconbox-icon\" style=\"font-size:1.5rem;\"><i class=\"fal fa-waveform\"><\/i><\/div><div class=\"w-iconbox-meta\"><h6 class=\"w-iconbox-title\">P\u0101rdev\u0113js Apvienotaj\u0101 Karalist\u0113<\/h6><\/div><\/div><div class=\"w-separator size_small\"><\/div><div class=\"w-iconbox iconpos_left style_default color_primary align_left no_text\"><div class=\"w-iconbox-icon\" style=\"font-size:1.5rem;\"><i class=\"fal fa-boombox\"><\/i><\/div><div class=\"w-iconbox-meta\"><h6 class=\"w-iconbox-title\">Max Protect LTD, Unit 5, Kings Park Ind Est, Kings Langley, Herts, WD4 8ST<\/h6><\/div><\/div><div class=\"w-separator size_small\"><\/div><div class=\"w-iconbox iconpos_left style_default color_primary align_left no_text\"><div class=\"w-iconbox-icon\" style=\"font-size:1.5rem;\"><i class=\"fal fa-phone\"><\/i><\/div><div class=\"w-iconbox-meta\"><h6 class=\"w-iconbox-title\">+44 1923 519 682<\/h6><\/div><\/div><div class=\"w-separator size_small\"><\/div><div class=\"w-iconbox iconpos_left style_default color_primary align_left no_text\"><a href=\"mailto:info@max-protect.co.uk\" class=\"w-iconbox-link\" aria-label=\"info@max-protect.co.uk\"><div class=\"w-iconbox-icon\" style=\"font-size:1.5rem;\"><i class=\"fal fa-envelope\"><\/i><\/div><\/a><div class=\"w-iconbox-meta\"><a href=\"mailto:info@max-protect.co.uk\" class=\"w-iconbox-link\" aria-label=\"info@max-protect.co.uk\"><h6 class=\"w-iconbox-title\">info@max-protect.co.uk<\/h6><\/a><\/div><\/div><div class=\"w-separator size_small\"><\/div><div class=\"w-iconbox iconpos_left style_default color_primary align_left no_text\"><a target=\"_blank\" rel=\"nofollow\" href=\"https:\/\/max-protect.co.uk\/\" class=\"w-iconbox-link\" aria-label=\"https:\/\/max-protect.co.uk\/\"><div class=\"w-iconbox-icon\" style=\"font-size:1.5rem;\"><i class=\"fal fa-link\"><\/i><\/div><\/a><div class=\"w-iconbox-meta\"><a target=\"_blank\" rel=\"nofollow\" href=\"https:\/\/max-protect.co.uk\/\" class=\"w-iconbox-link\" aria-label=\"https:\/\/max-protect.co.uk\/\"><h6 class=\"w-iconbox-title\">https:\/\/max-protect.co.uk\/<\/h6><\/a><\/div><\/div><div class=\"w-separator size_small\"><\/div><div class=\"w-separator size_medium\"><\/div><\/div><\/div><\/div><div class=\"vc_col-sm-4 wpb_column vc_column_container\"><div class=\"vc_column-inner\"><div class=\"wpb_wrapper\"><div class=\"w-iconbox iconpos_left style_circle color_primary align_left no_text\"><div class=\"w-iconbox-icon\" style=\"font-size:1.5rem;\"><i class=\"fal fa-waveform\"><\/i><\/div><div class=\"w-iconbox-meta\"><h6 class=\"w-iconbox-title\">P\u0101rdev\u0113js Krievij\u0101<\/h6><\/div><\/div><div class=\"w-separator size_small\"><\/div><div class=\"w-iconbox iconpos_left style_default color_primary align_left no_text\"><a target=\"_blank\" rel=\"nofollow\" href=\"https:\/\/t.me\/oniomania_rus\" class=\"w-iconbox-link\" aria-label=\"https:\/\/t.me\/oniomania_rus\"><div class=\"w-iconbox-icon\" style=\"font-size:1.5rem;\"><i class=\"fas fa-edit\"><\/i><\/div><\/a><div class=\"w-iconbox-meta\"><a target=\"_blank\" rel=\"nofollow\" href=\"https:\/\/t.me\/oniomania_rus\" class=\"w-iconbox-link\" aria-label=\"https:\/\/t.me\/oniomania_rus\"><h6 class=\"w-iconbox-title\">https:\/\/t.me\/oniomania_rus<\/h6><\/a><\/div><\/div><div class=\"w-separator size_small\"><\/div><div class=\"w-iconbox iconpos_left style_default color_primary align_left no_text\"><a href=\"mailto:jevgenijs@oniomania.eu\" class=\"w-iconbox-link\" aria-label=\"jevgenijs@oniomania.eu\"><div class=\"w-iconbox-icon\" style=\"font-size:1.5rem;\"><i class=\"fal fa-envelope\"><\/i><\/div><\/a><div class=\"w-iconbox-meta\"><a href=\"mailto:jevgenijs@oniomania.eu\" class=\"w-iconbox-link\" aria-label=\"jevgenijs@oniomania.eu\"><h6 class=\"w-iconbox-title\">jevgenijs@oniomania.eu<\/h6><\/a><\/div><\/div><div class=\"w-separator size_small\"><\/div><div class=\"w-iconbox iconpos_left style_default color_primary align_left no_text\"><a target=\"_blank\" rel=\"nofollow\" href=\"https:\/\/www.youtube.com\/@oniomania\" class=\"w-iconbox-link\" aria-label=\"https:\/\/www.youtube.com\/@oniomania\"><div class=\"w-iconbox-icon\" style=\"font-size:1.5rem;\"><i class=\"fas fa-code\"><\/i><\/div><\/a><div class=\"w-iconbox-meta\"><a target=\"_blank\" rel=\"nofollow\" href=\"https:\/\/www.youtube.com\/@oniomania\" class=\"w-iconbox-link\" aria-label=\"https:\/\/www.youtube.com\/@oniomania\"><h6 class=\"w-iconbox-title\" style=\"font-size:16px;\">https:\/\/www.youtube.com\/@oniomania<\/h6><\/a><\/div><\/div><div class=\"w-separator size_small\"><\/div><div class=\"w-separator size_medium\"><\/div><\/div><\/div><\/div><div class=\"vc_col-sm-4 wpb_column vc_column_container\"><div class=\"vc_column-inner\"><div class=\"wpb_wrapper\"><\/div><\/div><\/div><\/div><div class=\"g-cols wpb_row via_flex valign_top type_default stacking_default\"><div class=\"vc_col-sm-4 wpb_column vc_column_container\"><div class=\"vc_column-inner\"><div class=\"wpb_wrapper\"><div class=\"w-iconbox iconpos_left style_circle color_primary align_left no_text\"><div class=\"w-iconbox-icon\" style=\"font-size:1.5rem;\"><i class=\"fal fa-waveform\"><\/i><\/div><div class=\"w-iconbox-meta\"><h6 class=\"w-iconbox-title\">P\u0101rdev\u0113js Igaunij\u0101<\/h6><\/div><\/div><div class=\"w-separator size_small\"><\/div><div class=\"w-iconbox iconpos_left style_default color_primary align_left no_text\"><div class=\"w-iconbox-icon\" style=\"font-size:1.5rem;\"><i class=\"fal fa-boombox\"><\/i><\/div><div class=\"w-iconbox-meta\"><h6 class=\"w-iconbox-title\">ICOM V\u00f5rgud O\u00dc<\/h6><\/div><\/div><div class=\"w-separator size_small\"><\/div><div class=\"w-iconbox iconpos_left style_default color_primary align_left no_text\"><div class=\"w-iconbox-icon\" style=\"font-size:1.5rem;\"><i class=\"fal fa-phone\"><\/i><\/div><div class=\"w-iconbox-meta\"><h6 class=\"w-iconbox-title\">+372 501 578 6<\/h6><\/div><\/div><div class=\"w-separator size_small\"><\/div><div class=\"w-iconbox iconpos_left style_default color_primary align_left no_text\"><a href=\"mailto:sales@icom.ee\" class=\"w-iconbox-link\" aria-label=\"sales@icom.ee\"><div class=\"w-iconbox-icon\" style=\"font-size:1.5rem;\"><i class=\"fal fa-envelope\"><\/i><\/div><\/a><div class=\"w-iconbox-meta\"><a href=\"mailto:sales@icom.ee\" class=\"w-iconbox-link\" aria-label=\"sales@icom.ee\"><h6 class=\"w-iconbox-title\">sales@icom.ee<\/h6><\/a><\/div><\/div><div class=\"w-separator size_small\"><\/div><div class=\"w-iconbox iconpos_left style_default color_primary align_left no_text\"><a target=\"_blank\" rel=\"nofollow\" href=\"http:\/\/www.icom.ee\" class=\"w-iconbox-link\" aria-label=\"http:\/\/www.icom.ee\"><div class=\"w-iconbox-icon\" style=\"font-size:1.5rem;\"><i class=\"fal fa-link\"><\/i><\/div><\/a><div class=\"w-iconbox-meta\"><a target=\"_blank\" rel=\"nofollow\" href=\"http:\/\/www.icom.ee\" class=\"w-iconbox-link\" aria-label=\"http:\/\/www.icom.ee\"><h6 class=\"w-iconbox-title\">http:\/\/www.icom.ee<\/h6><\/a><\/div><\/div><div class=\"w-separator size_small\"><\/div><div class=\"w-separator size_medium\"><\/div><\/div><\/div><\/div><div class=\"vc_col-sm-4 wpb_column vc_column_container\"><div class=\"vc_column-inner\"><div class=\"wpb_wrapper\"><div class=\"w-iconbox iconpos_left style_circle color_primary align_left no_text\"><div class=\"w-iconbox-icon\" style=\"font-size:1.5rem;\"><i class=\"fal fa-waveform\"><\/i><\/div><div class=\"w-iconbox-meta\"><h6 class=\"w-iconbox-title\">P\u0101rdev\u0113js Ukrain\u0101<\/h6><\/div><\/div><div class=\"w-separator size_small\"><\/div><div class=\"w-iconbox iconpos_left style_default color_primary align_left no_text\"><a target=\"_blank\" rel=\"nofollow\" href=\"https:\/\/t.me\/oniomania_ua\" class=\"w-iconbox-link\" aria-label=\"https:\/\/t.me\/oniomania_ua\"><div class=\"w-iconbox-icon\" style=\"font-size:1.5rem;\"><i class=\"fas fa-edit\"><\/i><\/div><\/a><div class=\"w-iconbox-meta\"><a target=\"_blank\" rel=\"nofollow\" href=\"https:\/\/t.me\/oniomania_ua\" class=\"w-iconbox-link\" aria-label=\"https:\/\/t.me\/oniomania_ua\"><h6 class=\"w-iconbox-title\">https:\/\/t.me\/oniomania_ua<\/h6><\/a><\/div><\/div><div class=\"w-separator size_small\"><\/div><div class=\"w-iconbox iconpos_left style_default color_primary align_left no_text\"><a href=\"mailto:jevgenijs@oniomania.eu\" class=\"w-iconbox-link\" aria-label=\"jevgenijs@oniomania.eu\"><div class=\"w-iconbox-icon\" style=\"font-size:1.5rem;\"><i class=\"fal fa-envelope\"><\/i><\/div><\/a><div class=\"w-iconbox-meta\"><a href=\"mailto:jevgenijs@oniomania.eu\" class=\"w-iconbox-link\" aria-label=\"jevgenijs@oniomania.eu\"><h6 class=\"w-iconbox-title\">jevgenijs@oniomania.eu<\/h6><\/a><\/div><\/div><div class=\"w-separator size_small\"><\/div><div class=\"w-iconbox iconpos_left style_default color_primary align_left no_text\"><a target=\"_blank\" rel=\"nofollow\" href=\"https:\/\/www.youtube.com\/@oniomania\" class=\"w-iconbox-link\" aria-label=\"https:\/\/www.youtube.com\/@oniomania\"><div class=\"w-iconbox-icon\" style=\"font-size:1.5rem;\"><i class=\"fas fa-code\"><\/i><\/div><\/a><div class=\"w-iconbox-meta\"><a target=\"_blank\" rel=\"nofollow\" href=\"https:\/\/www.youtube.com\/@oniomania\" class=\"w-iconbox-link\" aria-label=\"https:\/\/www.youtube.com\/@oniomania\"><h6 class=\"w-iconbox-title\" style=\"font-size:16px;\">https:\/\/www.youtube.com\/@oniomania<\/h6><\/a><\/div><\/div><div class=\"w-separator size_small\"><\/div><div class=\"w-separator size_medium\"><\/div><\/div><\/div><\/div><div class=\"vc_col-sm-4 wpb_column vc_column_container\"><div class=\"vc_column-inner\"><div class=\"wpb_wrapper\"><\/div><\/div><\/div><\/div><div class=\"g-cols wpb_row via_flex valign_top type_default stacking_default\"><div class=\"vc_col-sm-12 wpb_column vc_column_container\"><div class=\"vc_column-inner\"><div class=\"wpb_wrapper\"><div class=\"w-socials us_custom_9bb7a90a color_text shape_rounded style_outlined hover_fade\" style=\"--gap:0.1em;\"><div class=\"w-socials-list\"><div class=\"w-socials-item facebook\"><a target=\"_blank\" rel=\"nofollow\" href=\"https:\/\/www.facebook.com\/diysound.eu\" class=\"w-socials-item-link\" title=\"Facebook\" aria-label=\"Facebook\"><span class=\"w-socials-item-link-hover\"><\/span><i class=\"fab fa-facebook\"><\/i><\/a><div class=\"w-socials-item-popup\"><span>Facebook<\/span><\/div><\/div><div class=\"w-socials-item instagram\"><a target=\"_blank\" rel=\"nofollow\" href=\"https:\/\/www.instagram.com\/diysound_loudspeakers\/\" class=\"w-socials-item-link\" title=\"Instagram\" aria-label=\"Instagram\"><span class=\"w-socials-item-link-hover\"><\/span><i class=\"fab fa-instagram\"><\/i><\/a><div class=\"w-socials-item-popup\"><span>Instagram<\/span><\/div><\/div><div class=\"w-socials-item youtube\"><a href=\"https:\/\/www.youtube.com\/@DIY_SOUND\" class=\"w-socials-item-link\" title=\"YouTube\" aria-label=\"YouTube\"><span class=\"w-socials-item-link-hover\"><\/span><i class=\"fab fa-youtube\"><\/i><\/a><div class=\"w-socials-item-popup\"><span>YouTube<\/span><\/div><\/div><\/div><\/div><\/div><\/div><\/div><\/div><\/div><\/div><\/div><\/div><\/div><\/section>\n","protected":false},"excerpt":{"rendered":"Ra\u017eot\u0101jsSIA \u201cDIY-SOUND\u201dGrobi\u0146a, Celtnieku iela 20-31, LV3430Re\u0123istr\u0101cijas numurs: 40203496823PVN re\u0123istr\u0101cijas numurs: LV40203496823+371 26 005 131info@diysound.euhttps:\/\/diysound.eu Fill out this field Please enter a valid email address. Fill out this field Nos\u016bt\u012bt zi\u0146u P\u0101rdev\u0113js Apvienotaj\u0101 Karalist\u0113Max Protect LTD, Unit 5, Kings Park Ind Est, Kings Langley, Herts, WD4 8ST+44 1923 519 682info@max-protect.co.ukhttps:\/\/max-protect.co.uk\/P\u0101rdev\u0113js Krievij\u0101https:\/\/t.me\/oniomania_rusjevgenijs@oniomania.euhttps:\/\/www.youtube.com\/@oniomaniaP\u0101rdev\u0113js Igaunij\u0101ICOM V\u00f5rgud O\u00dc+372 501 578...","protected":false},"author":1,"featured_media":0,"parent":0,"menu_order":0,"comment_status":"closed","ping_status":"closed","template":"","meta":{"footnotes":""},"_links":{"self":[{"href":"https:\/\/diysound.eu\/lv\/wp-json\/wp\/v2\/pages\/8054"}],"collection":[{"href":"https:\/\/diysound.eu\/lv\/wp-json\/wp\/v2\/pages"}],"about":[{"href":"https:\/\/diysound.eu\/lv\/wp-json\/wp\/v2\/types\/page"}],"author":[{"embeddable":true,"href":"https:\/\/diysound.eu\/lv\/wp-json\/wp\/v2\/users\/1"}],"replies":[{"embeddable":true,"href":"https:\/\/diysound.eu\/lv\/wp-json\/wp\/v2\/comments?post=8054"}],"version-history":[{"count":16,"href":"https:\/\/diysound.eu\/lv\/wp-json\/wp\/v2\/pages\/8054\/revisions"}],"predecessor-version":[{"id":9192,"href":"https:\/\/diysound.eu\/lv\/wp-json\/wp\/v2\/pages\/8054\/revisions\/9192"}],"wp:attachment":[{"href":"https:\/\/diysound.eu\/lv\/wp-json\/wp\/v2\/media?parent=8054"}],"curies":[{"name":"wp","href":"https:\/\/api.w.org\/{rel}","templated":true}]}}